{"id":3643,"date":"2016-12-01T11:56:27","date_gmt":"2016-12-01T10:56:27","guid":{"rendered":"https:\/\/www.sandeparis.com\/donnees-personnelles\/"},"modified":"2016-12-01T11:56:27","modified_gmt":"2016-12-01T10:56:27","slug":"donnees-personnelles","status":"publish","type":"page","link":"https:\/\/sandeparis.com\/en\/donnees-personnelles\/","title":{"rendered":"Personal data"},"content":{"rendered":"<p class=\"zw-paragraph\"><strong>Protection des donn\u00e9es<\/strong><\/p>\n<p class=\"zw-paragraph\"><span class=\"EOP\">\u00a0<\/span><\/p>\n<p class=\"zw-paragraph\">Politique de protection des donn\u00e9es \u00e0 caract\u00e8re personnel<\/p>\n<p class=\"zw-paragraph\">Lors de votre navigation sur notre site, vous \u00eates amen\u00e9s \u00e0 nous communiquer des donn\u00e9es personnelles. Nous vous remercions de votre confiance et tenons \u00e0 vous informer ici sur l\u2019utilisation de vos donn\u00e9es ainsi que sur vos droits.<\/p>\n<p class=\"zw-paragraph\"><span class=\"EOP\">\u00a0<\/span><\/p>\n<p class=\"zw-paragraph\"><strong>Le responsable de traitement<\/strong><\/p>\n<p class=\"zw-paragraph\">Le responsable de traitement des donn\u00e9es \u00e0 caract\u00e8re personnel est la soci\u00e9t\u00e9\u00a0NOM SOCI\u00c9T\u00c9\u00a0dont vous trouverez les coordonn\u00e9es dans les\u00a0mentions l\u00e9gales.<\/p>\n<p class=\"zw-paragraph\"><span class=\"EOP\">\u00a0<\/span><\/p>\n<p class=\"zw-paragraph\"><strong>Formalit\u00e9s CNIL<\/strong><\/p>\n<p class=\"zw-paragraph\">Le traitement de donn\u00e9es \u00e0 caract\u00e8re personnel effectu\u00e9 sur notre site a fait l\u2019objet d\u2019une d\u00e9claration \u00e0 la Commission Nationale Informatique et Libert\u00e9s.<\/p>\n<p class=\"zw-paragraph\"><span class=\"EOP\">\u00a0<\/span><\/p>\n<p class=\"zw-paragraph\"><strong>Finalit\u00e9s de la collecte et du traitement des donn\u00e9es<\/strong><\/p>\n<p class=\"zw-paragraph\">Les donn\u00e9es personnelles collect\u00e9es sur notre site sont utilis\u00e9es pour r\u00e9aliser le traitement des commandes et g\u00e9rer la relation commerciale (livraisons, factures, service apr\u00e8s-vente).<br class=\"zw-br\" \/>Nous pouvons \u00e9galement utiliser vos donn\u00e9es \u00e0 des fins publicitaires, soit apr\u00e8s avoir recueilli votre consentement expr\u00e8s, soit dans les limites autoris\u00e9es par la loi. Nous sommes \u00e9galement susceptibles d\u2019utiliser vos donn\u00e9es pour satisfaire le cas \u00e9ch\u00e9ant \u00e0 nos obligations l\u00e9gales et\/ou r\u00e8glementaires.<\/p>\n<p class=\"zw-paragraph\"><span class=\"EOP\">\u00a0<\/span><\/p>\n<p class=\"zw-paragraph\"><strong>Destinataires des donn\u00e9es \u00e0 caract\u00e8re personnel<\/strong><\/p>\n<p class=\"zw-paragraph\">Les destinataires de vos donn\u00e9es \u00e0 caract\u00e8re personnel collect\u00e9es sur notre site sont en tout premier lieu nous-m\u00eames pour le traitement de vos commandes et la gestion de la relation client. D\u2019autres destinataires de vos donn\u00e9es personnelles sont, le cas \u00e9ch\u00e9ant, nos prestataires de moyens de paiement ou de s\u00e9curisation des paiements, nos prestataires de livraison, nos partenaires commerciaux. Dans le cas o\u00f9 cela est exig\u00e9 par la loi, votre consentement est recueilli ou une possibilit\u00e9 de refus vous est am\u00e9nag\u00e9e avant toute transmission de donn\u00e9es.<\/p>\n<p class=\"zw-paragraph\"><span class=\"EOP\">\u00a0<\/span><\/p>\n<p class=\"zw-paragraph\"><strong>Vos Droits<\/strong><\/p>\n<p class=\"zw-paragraph\">Il est rappel\u00e9 que la personne dont les donn\u00e9es \u00e0 caract\u00e8re personnel sont trait\u00e9es b\u00e9n\u00e9ficie des droits d\u2019acc\u00e8s, de rectification et d\u2019opposition au traitement de ses donn\u00e9es \u00e0 caract\u00e8re personnel.<br class=\"zw-br\" \/>Vous pouvez exercer ces droits en nous envoyant un message via le formulaire de contact.<\/p>\n<p class=\"zw-paragraph\"><span class=\"EOP\">\u00a0<\/span><\/p>\n<p class=\"zw-paragraph\"><strong>Cookies<\/strong><\/p>\n<p class=\"zw-paragraph\">Pour assurer le bon fonctionnement de ce site, nous devons parfois enregistrer de petits fichiers de donn\u00e9es sur l&#8217;\u00e9quipement de nos utilisateurs. La plupart des grands sites web font de m\u00eame.<\/p>\n<p class=\"zw-paragraph\"><span class=\"EOP\">\u00a0<\/span><\/p>\n<p class=\"zw-paragraph\"><strong>Qu&#8217;est ce qu&#8217;un cookie ?<\/strong><\/p>\n<p class=\"zw-paragraph\">Un cookie est un petit fichier texte que les sites web sauvegardent sur votre ordinateur ou appareil mobile lorsque vous les consultez. Il permet \u00e0 ces sites de\u00a0m\u00e9moriser vos actions et pr\u00e9f\u00e9rences (nom d&#8217;utilisateur, langue, taille des caract\u00e8res et autres param\u00e8tres d&#8217;affichage) pendant un temps donn\u00e9, pour que vous n&#8217;ayez pas \u00e0 r\u00e9-indiquer ces informations \u00e0 chaque fois vous consultez ces sites ou naviguez d&#8217;une page \u00e0 une autre.<\/p>\n<p class=\"zw-paragraph\"><span class=\"EOP\">\u00a0<\/span><\/p>\n<p class=\"zw-paragraph\"><span class=\"EOP\">\u00a0<\/span><\/p>\n<p class=\"zw-paragraph\"><strong>Comment contr\u00f4ler les cookies ?<\/strong><\/p>\n<p class=\"zw-paragraph\">Vous pouvez contr\u00f4ler et\/ou supprimer des cookies comme vous le souhaitez. Pour en savoir plus, consultez\u00a0<a href=\"https:\/\/www.cnil.fr\/fr\/site-web-cookies-et-autres-traceurs\">www.cnil.fr<\/a>. Vous avez la possibilit\u00e9 de supprimer tous les cookies d\u00e9j\u00e0 stock\u00e9s sur votre ordinateur et de configurer la plupart des navigateurs pour qu&#8217;ils les bloquent. Toutefois, dans ce cas, vous devrez peut-\u00eatre indiquer vous-m\u00eames certaines pr\u00e9f\u00e9rences chaque fois que vous vous rendrez sur un site, et certains services et fonctionnalit\u00e9s risquent de ne pas \u00eatre accessibles.<\/p>\n","protected":false},"excerpt":{"rendered":"<p>Protection des donn\u00e9es \u00a0 Politique de protection des donn\u00e9es \u00e0  [&#8230;]<\/p>\n","protected":false},"author":1,"featured_media":0,"parent":0,"menu_order":107,"comment_status":"closed","ping_status":"closed","template":"","meta":{"_acf_changed":false,"footnotes":""},"class_list":["post-3643","page","type-page","status-publish","hentry"],"acf":[],"yoast_head":"<!-- This site is optimized with the Yoast SEO plugin v27.4 - https:\/\/yoast.com\/product\/yoast-seo-wordpress\/ -->\n<title>Personal data - SANDE PARIS<\/title>\n<meta name=\"robots\" content=\"index, follow, max-snippet:-1, max-image-preview:large, max-video-preview:-1\" \/>\n<link rel=\"canonical\" href=\"https:\/\/sandeparis.com\/en\/donnees-personnelles\/\" \/>\n<meta name=\"twitter:label1\" content=\"Est. reading time\" \/>\n\t<meta name=\"twitter:data1\" content=\"3 minutes\" \/>\n<script type=\"application\/ld+json\" class=\"yoast-schema-graph\">{\"@context\":\"https:\\\/\\\/schema.org\",\"@graph\":[{\"@type\":\"WebPage\",\"@id\":\"https:\\\/\\\/sandeparis.com\\\/en\\\/donnees-personnelles\\\/\",\"url\":\"https:\\\/\\\/sandeparis.com\\\/en\\\/donnees-personnelles\\\/\",\"name\":\"Personal data - SANDE PARIS\",\"isPartOf\":{\"@id\":\"https:\\\/\\\/sandeparis.com\\\/en\\\/#website\"},\"datePublished\":\"2016-12-01T10:56:27+00:00\",\"breadcrumb\":{\"@id\":\"https:\\\/\\\/sandeparis.com\\\/en\\\/donnees-personnelles\\\/#breadcrumb\"},\"inLanguage\":\"en-US\",\"potentialAction\":[{\"@type\":\"ReadAction\",\"target\":[\"https:\\\/\\\/sandeparis.com\\\/en\\\/donnees-personnelles\\\/\"]}]},{\"@type\":\"BreadcrumbList\",\"@id\":\"https:\\\/\\\/sandeparis.com\\\/en\\\/donnees-personnelles\\\/#breadcrumb\",\"itemListElement\":[{\"@type\":\"ListItem\",\"position\":1,\"name\":\"Accueil\",\"item\":\"https:\\\/\\\/sandeparis.com\\\/en\\\/\"},{\"@type\":\"ListItem\",\"position\":2,\"name\":\"Personal data\"}]},{\"@type\":\"WebSite\",\"@id\":\"https:\\\/\\\/sandeparis.com\\\/en\\\/#website\",\"url\":\"https:\\\/\\\/sandeparis.com\\\/en\\\/\",\"name\":\"SANDE PARIS\",\"description\":\"High-Fantasy Jewelry - Made in Paris\",\"alternateName\":\"SANDE PARIS\",\"potentialAction\":[{\"@type\":\"SearchAction\",\"target\":{\"@type\":\"EntryPoint\",\"urlTemplate\":\"https:\\\/\\\/sandeparis.com\\\/en\\\/?s={search_term_string}\"},\"query-input\":{\"@type\":\"PropertyValueSpecification\",\"valueRequired\":true,\"valueName\":\"search_term_string\"}}],\"inLanguage\":\"en-US\"}]}<\/script>\n<!-- \/ Yoast SEO plugin. -->","yoast_head_json":{"title":"Personal data - SANDE PARIS","robots":{"index":"index","follow":"follow","max-snippet":"max-snippet:-1","max-image-preview":"max-image-preview:large","max-video-preview":"max-video-preview:-1"},"canonical":"https:\/\/sandeparis.com\/en\/donnees-personnelles\/","twitter_misc":{"Est. reading time":"3 minutes"},"schema":{"@context":"https:\/\/schema.org","@graph":[{"@type":"WebPage","@id":"https:\/\/sandeparis.com\/en\/donnees-personnelles\/","url":"https:\/\/sandeparis.com\/en\/donnees-personnelles\/","name":"Personal data - SANDE PARIS","isPartOf":{"@id":"https:\/\/sandeparis.com\/en\/#website"},"datePublished":"2016-12-01T10:56:27+00:00","breadcrumb":{"@id":"https:\/\/sandeparis.com\/en\/donnees-personnelles\/#breadcrumb"},"inLanguage":"en-US","potentialAction":[{"@type":"ReadAction","target":["https:\/\/sandeparis.com\/en\/donnees-personnelles\/"]}]},{"@type":"BreadcrumbList","@id":"https:\/\/sandeparis.com\/en\/donnees-personnelles\/#breadcrumb","itemListElement":[{"@type":"ListItem","position":1,"name":"Accueil","item":"https:\/\/sandeparis.com\/en\/"},{"@type":"ListItem","position":2,"name":"Personal data"}]},{"@type":"WebSite","@id":"https:\/\/sandeparis.com\/en\/#website","url":"https:\/\/sandeparis.com\/en\/","name":"SANDE PARIS","description":"High-Fantasy Jewelry - Made in Paris","alternateName":"SANDE PARIS","potentialAction":[{"@type":"SearchAction","target":{"@type":"EntryPoint","urlTemplate":"https:\/\/sandeparis.com\/en\/?s={search_term_string}"},"query-input":{"@type":"PropertyValueSpecification","valueRequired":true,"valueName":"search_term_string"}}],"inLanguage":"en-US"}]}},"_links":{"self":[{"href":"https:\/\/sandeparis.com\/en\/wp-json\/wp\/v2\/pages\/3643","targetHints":{"allow":["GET"]}}],"collection":[{"href":"https:\/\/sandeparis.com\/en\/wp-json\/wp\/v2\/pages"}],"about":[{"href":"https:\/\/sandeparis.com\/en\/wp-json\/wp\/v2\/types\/page"}],"author":[{"embeddable":true,"href":"https:\/\/sandeparis.com\/en\/wp-json\/wp\/v2\/users\/1"}],"replies":[{"embeddable":true,"href":"https:\/\/sandeparis.com\/en\/wp-json\/wp\/v2\/comments?post=3643"}],"version-history":[{"count":0,"href":"https:\/\/sandeparis.com\/en\/wp-json\/wp\/v2\/pages\/3643\/revisions"}],"wp:attachment":[{"href":"https:\/\/sandeparis.com\/en\/wp-json\/wp\/v2\/media?parent=3643"}],"curies":[{"name":"wp","href":"https:\/\/api.w.org\/{rel}","templated":true}]}}