{"id":7697,"date":"2020-10-22T13:07:11","date_gmt":"2020-10-22T11:07:11","guid":{"rendered":"https:\/\/www.sandeparis.com\/kauri\/"},"modified":"2022-04-14T14:46:57","modified_gmt":"2022-04-14T12:46:57","slug":"kauri","status":"publish","type":"page","link":"https:\/\/sandeparis.com\/en\/kauri\/","title":{"rendered":"KAURI"},"content":{"rendered":"<div class=\"fusion-fullwidth fullwidth-box fusion-builder-row-1 fusion-flex-container nonhundred-percent-fullwidth non-hundred-percent-height-scrolling\" style=\"--awb-border-radius-top-left:0px;--awb-border-radius-top-right:0px;--awb-border-radius-bottom-right:0px;--awb-border-radius-bottom-left:0px;--awb-margin-top:50px;--awb-margin-bottom:0px;--awb-flex-wrap:wrap;\" ><div class=\"fusion-builder-row fusion-row fusion-flex-align-items-flex-start fusion-flex-content-wrap\" style=\"max-width:1248px;margin-left: calc(-4% \/ 2 );margin-right: calc(-4% \/ 2 );\"><div class=\"fusion-layout-column fusion_builder_column fusion-builder-column-0 fusion_builder_column_1_1 1_1 fusion-flex-column\" style=\"--awb-bg-size:cover;--awb-width-large:100%;--awb-margin-top-large:0px;--awb-spacing-right-large:1.056%;--awb-margin-bottom-large:20px;--awb-spacing-left-large:1.056%;--awb-width-medium:100%;--awb-order-medium:0;--awb-spacing-right-medium:1.056%;--awb-spacing-left-medium:1.056%;--awb-width-small:100%;--awb-order-small:0;--awb-spacing-right-small:1.92%;--awb-spacing-left-small:1.92%;\"><div class=\"fusion-column-wrapper fusion-column-has-shadow fusion-flex-justify-content-flex-start fusion-content-layout-column\"><div class=\"fusion-title title fusion-title-1 fusion-sep-none fusion-title-center fusion-title-text fusion-title-size-one\" style=\"--awb-margin-top-small:10px;--awb-margin-right-small:0px;--awb-margin-bottom-small:10px;--awb-margin-left-small:0px;--awb-font-size:32px;\"><h1 class=\"fusion-title-heading title-heading-center fusion-responsive-typography-calculated\" style=\"margin:0;letter-spacing:2PX;font-size:1em;--fontSize:32;line-height:0.16;\">KAURI<\/h1><\/div><div class=\"fusion-separator fusion-full-width-sep\" style=\"align-self: center;margin-left: auto;margin-right: auto;margin-top:30px;width:100%;\"><\/div><div class=\"woocommerce columns-3 \"><\/div><div class=\"fusion-text fusion-text-1\"><p>D\u00e9couvrez nos pi\u00e8ces de la gamme KAURI. En tant qu&#8217;artisan bijoutier, nous mettons un point d&#8217;honneur \u00e0 ce que nos produits soit d&#8217;une qualit\u00e9 unique. Que ce soit des boucles d&#8217;oreilles, des colliers, des bracelets, des bagues, notre gamme de bijoux KAURI vous donnera pleine satisfaction et viendront apporter une touche d&#8217;\u00e9l\u00e9gance suppl\u00e9mentaire \u00e0 vos tenues.<\/p>\n<\/div><\/div><\/div><\/div><\/div>\n","protected":false},"excerpt":{"rendered":"","protected":false},"author":1,"featured_media":0,"parent":0,"menu_order":50,"comment_status":"closed","ping_status":"closed","template":"100-width.php","meta":{"_acf_changed":false,"footnotes":""},"class_list":["post-7697","page","type-page","status-publish","hentry"],"acf":[],"yoast_head":"<!-- This site is optimized with the Yoast SEO plugin v27.1.1 - https:\/\/yoast.com\/product\/yoast-seo-wordpress\/ -->\n<title>KAURI - SANDE PARIS<\/title>\n<meta name=\"robots\" content=\"index, follow, max-snippet:-1, max-image-preview:large, max-video-preview:-1\" \/>\n<link rel=\"canonical\" href=\"https:\/\/sandeparis.com\/en\/kauri\/\" \/>\n<meta name=\"twitter:label1\" content=\"Est. reading time\" \/>\n\t<meta name=\"twitter:data1\" content=\"2 minutes\" \/>\n<script type=\"application\/ld+json\" class=\"yoast-schema-graph\">{\"@context\":\"https:\/\/schema.org\",\"@graph\":[{\"@type\":\"WebPage\",\"@id\":\"https:\/\/sandeparis.com\/en\/kauri\/\",\"url\":\"https:\/\/sandeparis.com\/en\/kauri\/\",\"name\":\"KAURI - SANDE PARIS\",\"isPartOf\":{\"@id\":\"https:\/\/sandeparis.com\/en\/#website\"},\"datePublished\":\"2020-10-22T11:07:11+00:00\",\"dateModified\":\"2022-04-14T12:46:57+00:00\",\"breadcrumb\":{\"@id\":\"https:\/\/sandeparis.com\/en\/kauri\/#breadcrumb\"},\"inLanguage\":\"en-US\",\"potentialAction\":[{\"@type\":\"ReadAction\",\"target\":[\"https:\/\/sandeparis.com\/en\/kauri\/\"]}]},{\"@type\":\"BreadcrumbList\",\"@id\":\"https:\/\/sandeparis.com\/en\/kauri\/#breadcrumb\",\"itemListElement\":[{\"@type\":\"ListItem\",\"position\":1,\"name\":\"Accueil\",\"item\":\"https:\/\/sandeparis.com\/en\/\"},{\"@type\":\"ListItem\",\"position\":2,\"name\":\"KAURI\"}]},{\"@type\":\"WebSite\",\"@id\":\"https:\/\/sandeparis.com\/en\/#website\",\"url\":\"https:\/\/sandeparis.com\/en\/\",\"name\":\"SANDE PARIS\",\"description\":\"High-Fantasy Jewelry - Made in Paris\",\"alternateName\":\"SANDE PARIS\",\"potentialAction\":[{\"@type\":\"SearchAction\",\"target\":{\"@type\":\"EntryPoint\",\"urlTemplate\":\"https:\/\/sandeparis.com\/en\/?s={search_term_string}\"},\"query-input\":{\"@type\":\"PropertyValueSpecification\",\"valueRequired\":true,\"valueName\":\"search_term_string\"}}],\"inLanguage\":\"en-US\"}]}<\/script>\n<!-- \/ Yoast SEO plugin. -->","yoast_head_json":{"title":"KAURI - SANDE PARIS","robots":{"index":"index","follow":"follow","max-snippet":"max-snippet:-1","max-image-preview":"max-image-preview:large","max-video-preview":"max-video-preview:-1"},"canonical":"https:\/\/sandeparis.com\/en\/kauri\/","twitter_misc":{"Est. reading time":"2 minutes"},"schema":{"@context":"https:\/\/schema.org","@graph":[{"@type":"WebPage","@id":"https:\/\/sandeparis.com\/en\/kauri\/","url":"https:\/\/sandeparis.com\/en\/kauri\/","name":"KAURI - SANDE PARIS","isPartOf":{"@id":"https:\/\/sandeparis.com\/en\/#website"},"datePublished":"2020-10-22T11:07:11+00:00","dateModified":"2022-04-14T12:46:57+00:00","breadcrumb":{"@id":"https:\/\/sandeparis.com\/en\/kauri\/#breadcrumb"},"inLanguage":"en-US","potentialAction":[{"@type":"ReadAction","target":["https:\/\/sandeparis.com\/en\/kauri\/"]}]},{"@type":"BreadcrumbList","@id":"https:\/\/sandeparis.com\/en\/kauri\/#breadcrumb","itemListElement":[{"@type":"ListItem","position":1,"name":"Accueil","item":"https:\/\/sandeparis.com\/en\/"},{"@type":"ListItem","position":2,"name":"KAURI"}]},{"@type":"WebSite","@id":"https:\/\/sandeparis.com\/en\/#website","url":"https:\/\/sandeparis.com\/en\/","name":"SANDE PARIS","description":"High-Fantasy Jewelry - Made in Paris","alternateName":"SANDE PARIS","potentialAction":[{"@type":"SearchAction","target":{"@type":"EntryPoint","urlTemplate":"https:\/\/sandeparis.com\/en\/?s={search_term_string}"},"query-input":{"@type":"PropertyValueSpecification","valueRequired":true,"valueName":"search_term_string"}}],"inLanguage":"en-US"}]}},"_links":{"self":[{"href":"https:\/\/sandeparis.com\/en\/wp-json\/wp\/v2\/pages\/7697","targetHints":{"allow":["GET"]}}],"collection":[{"href":"https:\/\/sandeparis.com\/en\/wp-json\/wp\/v2\/pages"}],"about":[{"href":"https:\/\/sandeparis.com\/en\/wp-json\/wp\/v2\/types\/page"}],"author":[{"embeddable":true,"href":"https:\/\/sandeparis.com\/en\/wp-json\/wp\/v2\/users\/1"}],"replies":[{"embeddable":true,"href":"https:\/\/sandeparis.com\/en\/wp-json\/wp\/v2\/comments?post=7697"}],"version-history":[{"count":1,"href":"https:\/\/sandeparis.com\/en\/wp-json\/wp\/v2\/pages\/7697\/revisions"}],"predecessor-version":[{"id":13147,"href":"https:\/\/sandeparis.com\/en\/wp-json\/wp\/v2\/pages\/7697\/revisions\/13147"}],"wp:attachment":[{"href":"https:\/\/sandeparis.com\/en\/wp-json\/wp\/v2\/media?parent=7697"}],"curies":[{"name":"wp","href":"https:\/\/api.w.org\/{rel}","templated":true}]}}