{"id":13464,"date":"2022-05-24T12:37:40","date_gmt":"2022-05-24T10:37:40","guid":{"rendered":"https:\/\/www.sandeparis.com\/?post_type=product&#038;p=13464"},"modified":"2025-12-06T15:13:27","modified_gmt":"2025-12-06T14:13:27","slug":"collier-lakota","status":"publish","type":"product","link":"https:\/\/sandeparis.com\/en\/produit\/collier-lakota\/","title":{"rendered":"Necklace Lakota"},"content":{"rendered":"<div class=\"fusion-fullwidth fullwidth-box fusion-builder-row-1 fusion-flex-container nonhundred-percent-fullwidth non-hundred-percent-height-scrolling\" style=\"--awb-border-radius-top-left:0px;--awb-border-radius-top-right:0px;--awb-border-radius-bottom-right:0px;--awb-border-radius-bottom-left:0px;--awb-flex-wrap:wrap;\" ><div class=\"fusion-builder-row fusion-row fusion-flex-align-items-flex-start fusion-flex-content-wrap\" style=\"max-width:1248px;margin-left: calc(-4% \/ 2 );margin-right: calc(-4% \/ 2 );\"><div class=\"fusion-layout-column fusion_builder_column fusion-builder-column-0 fusion_builder_column_1_1 1_1 fusion-flex-column\" style=\"--awb-bg-size:cover;--awb-width-large:100%;--awb-margin-top-large:0px;--awb-spacing-right-large:1.92%;--awb-margin-bottom-large:0px;--awb-spacing-left-large:1.92%;--awb-width-medium:100%;--awb-spacing-right-medium:1.92%;--awb-spacing-left-medium:1.92%;--awb-width-small:100%;--awb-spacing-right-small:1.92%;--awb-spacing-left-small:1.92%;\"><div class=\"fusion-column-wrapper fusion-flex-justify-content-flex-start fusion-content-layout-column\"><div class=\"fusion-text fusion-text-1\"><p>Chaque pi\u00e8ce est unique, elle est fabriqu\u00e9e individuellement \u00e0 la main, avec des pierres naturelles, aux couleurs variables, et il se peut donc qu\u2019il y ait une l\u00e9g\u00e8re diff\u00e9rence par rapport \u00e0 la photo s\u00e9lectionn\u00e9e.<\/p>\n<\/div><\/div><\/div><\/div><\/div>\n","protected":false},"excerpt":{"rendered":"<p>Necklace composed of a central cracked Crystal stone, red-tinted Sea Bamboo pearls in the shape of a roundel, baroque-shaped freshwater pearls, Turquoises, with a textured round mesh chain, adjustable, 24 carats gold plated.<\/p>\n<p id=\"tw-target-text\" class=\"tw-data-text tw-ta tw-text-small\" dir=\"ltr\"><em>Symbolic:<br \/>\n<\/em><\/p>\n<p>Crystal stone is part of the quartz family, it is a colorless quartz\u00a0essentially composed of silicon dioxide. The use of crystal for its therapeutic\u00a0and esoteric virtuesis recounted in a number of ancient texts<br \/>\n(Bible, Pline l\u2019Ancien \u2026)\u00a0Quartz brings vitality and comfort. It allows to unlock and channel energies,<br \/>\nand\u00a0eliminates negativity. It is the symbol of purity, and more particularly\u00a0of spiritual purity.<\/p>\n<p>Length: 43 cm, adjustable<\/p>\n<p>R\u00e9f\u00e9rence :\u00a0CO.LA.BA.C.YG<\/p>\n","protected":false},"featured_media":16129,"template":"","meta":{"_acf_changed":false},"product_brand":[],"product_cat":[1911],"product_tag":[1486,1554,1460,1466,1496,1508],"class_list":{"0":"post-13464","1":"product","2":"type-product","3":"status-publish","4":"has-post-thumbnail","6":"product_cat-promotions-en","7":"product_tag-collier","8":"product_tag-cristal","9":"product_tag-or","10":"product_tag-perles","11":"product_tag-quartz","12":"product_tag-turquoise","13":"pif-has-gallery","15":"first","16":"outofstock","17":"sale","18":"taxable","19":"shipping-taxable","20":"purchasable","21":"product-type-simple"},"acf":[],"yoast_head":"<!-- This site is optimized with the Yoast SEO plugin v27.4 - https:\/\/yoast.com\/product\/yoast-seo-wordpress\/ -->\n<title>Collier Lakota composed of Crystal stone, Sea Bamboo<\/title>\n<meta name=\"description\" content=\"Necklace composed of a central cracked Crystal stone, red-tinted Sea Bamboo pearls in the shape of a roundel, baroque-shaped freshwater pearls, Turquoises, with a textured round mesh chain, adjustable, 24 carats gold plated.\" \/>\n<meta name=\"robots\" content=\"index, follow, max-snippet:-1, max-image-preview:large, max-video-preview:-1\" \/>\n<link rel=\"canonical\" href=\"https:\/\/sandeparis.com\/en\/produit\/collier-lakota\/\" \/>\n<meta name=\"twitter:label1\" content=\"Est. reading time\" \/>\n\t<meta name=\"twitter:data1\" content=\"1 minute\" \/>\n<script type=\"application\/ld+json\" class=\"yoast-schema-graph\">{\"@context\":\"https:\\\/\\\/schema.org\",\"@graph\":[{\"@type\":\"WebPage\",\"@id\":\"https:\\\/\\\/sandeparis.com\\\/en\\\/produit\\\/collier-lakota\\\/\",\"url\":\"https:\\\/\\\/sandeparis.com\\\/en\\\/produit\\\/collier-lakota\\\/\",\"name\":\"Collier Lakota composed of Crystal stone, Sea Bamboo\",\"isPartOf\":{\"@id\":\"https:\\\/\\\/sandeparis.com\\\/en\\\/#website\"},\"primaryImageOfPage\":{\"@id\":\"https:\\\/\\\/sandeparis.com\\\/en\\\/produit\\\/collier-lakota\\\/#primaryimage\"},\"image\":{\"@id\":\"https:\\\/\\\/sandeparis.com\\\/en\\\/produit\\\/collier-lakota\\\/#primaryimage\"},\"thumbnailUrl\":\"https:\\\/\\\/sandeparis.com\\\/wp-content\\\/uploads\\\/2022\\\/05\\\/Collier-LAKOTA-by-Sande-Paris-bijoux.-1-1.jpeg\",\"datePublished\":\"2022-05-24T10:37:40+00:00\",\"dateModified\":\"2025-12-06T14:13:27+00:00\",\"description\":\"Necklace composed of a central cracked Crystal stone, red-tinted Sea Bamboo pearls in the shape of a roundel, baroque-shaped freshwater pearls, Turquoises, with a textured round mesh chain, adjustable, 24 carats gold plated.\",\"breadcrumb\":{\"@id\":\"https:\\\/\\\/sandeparis.com\\\/en\\\/produit\\\/collier-lakota\\\/#breadcrumb\"},\"inLanguage\":\"en-US\",\"potentialAction\":[{\"@type\":\"ReadAction\",\"target\":[\"https:\\\/\\\/sandeparis.com\\\/en\\\/produit\\\/collier-lakota\\\/\"]}]},{\"@type\":\"ImageObject\",\"inLanguage\":\"en-US\",\"@id\":\"https:\\\/\\\/sandeparis.com\\\/en\\\/produit\\\/collier-lakota\\\/#primaryimage\",\"url\":\"https:\\\/\\\/sandeparis.com\\\/wp-content\\\/uploads\\\/2022\\\/05\\\/Collier-LAKOTA-by-Sande-Paris-bijoux.-1-1.jpeg\",\"contentUrl\":\"https:\\\/\\\/sandeparis.com\\\/wp-content\\\/uploads\\\/2022\\\/05\\\/Collier-LAKOTA-by-Sande-Paris-bijoux.-1-1.jpeg\",\"width\":1323,\"height\":1323,\"caption\":\"Collier LAKOTA by Sande Paris bijoux.\"},{\"@type\":\"BreadcrumbList\",\"@id\":\"https:\\\/\\\/sandeparis.com\\\/en\\\/produit\\\/collier-lakota\\\/#breadcrumb\",\"itemListElement\":[{\"@type\":\"ListItem\",\"position\":1,\"name\":\"Accueil\",\"item\":\"https:\\\/\\\/sandeparis.com\\\/en\\\/\"},{\"@type\":\"ListItem\",\"position\":2,\"name\":\"Boutique\",\"item\":\"https:\\\/\\\/sandeparis.com\\\/en\\\/boutique-2\\\/\"},{\"@type\":\"ListItem\",\"position\":3,\"name\":\"Necklace Lakota\"}]},{\"@type\":\"WebSite\",\"@id\":\"https:\\\/\\\/sandeparis.com\\\/en\\\/#website\",\"url\":\"https:\\\/\\\/sandeparis.com\\\/en\\\/\",\"name\":\"SANDE PARIS\",\"description\":\"High-Fantasy Jewelry - Made in Paris\",\"alternateName\":\"SANDE PARIS\",\"potentialAction\":[{\"@type\":\"SearchAction\",\"target\":{\"@type\":\"EntryPoint\",\"urlTemplate\":\"https:\\\/\\\/sandeparis.com\\\/en\\\/?s={search_term_string}\"},\"query-input\":{\"@type\":\"PropertyValueSpecification\",\"valueRequired\":true,\"valueName\":\"search_term_string\"}}],\"inLanguage\":\"en-US\"}]}<\/script>\n<!-- \/ Yoast SEO plugin. -->","yoast_head_json":{"title":"Collier Lakota composed of Crystal stone, Sea Bamboo","description":"Necklace composed of a central cracked Crystal stone, red-tinted Sea Bamboo pearls in the shape of a roundel, baroque-shaped freshwater pearls, Turquoises, with a textured round mesh chain, adjustable, 24 carats gold plated.","robots":{"index":"index","follow":"follow","max-snippet":"max-snippet:-1","max-image-preview":"max-image-preview:large","max-video-preview":"max-video-preview:-1"},"canonical":"https:\/\/sandeparis.com\/en\/produit\/collier-lakota\/","twitter_misc":{"Est. reading time":"1 minute"},"schema":{"@context":"https:\/\/schema.org","@graph":[{"@type":"WebPage","@id":"https:\/\/sandeparis.com\/en\/produit\/collier-lakota\/","url":"https:\/\/sandeparis.com\/en\/produit\/collier-lakota\/","name":"Collier Lakota composed of Crystal stone, Sea Bamboo","isPartOf":{"@id":"https:\/\/sandeparis.com\/en\/#website"},"primaryImageOfPage":{"@id":"https:\/\/sandeparis.com\/en\/produit\/collier-lakota\/#primaryimage"},"image":{"@id":"https:\/\/sandeparis.com\/en\/produit\/collier-lakota\/#primaryimage"},"thumbnailUrl":"https:\/\/sandeparis.com\/wp-content\/uploads\/2022\/05\/Collier-LAKOTA-by-Sande-Paris-bijoux.-1-1.jpeg","datePublished":"2022-05-24T10:37:40+00:00","dateModified":"2025-12-06T14:13:27+00:00","description":"Necklace composed of a central cracked Crystal stone, red-tinted Sea Bamboo pearls in the shape of a roundel, baroque-shaped freshwater pearls, Turquoises, with a textured round mesh chain, adjustable, 24 carats gold plated.","breadcrumb":{"@id":"https:\/\/sandeparis.com\/en\/produit\/collier-lakota\/#breadcrumb"},"inLanguage":"en-US","potentialAction":[{"@type":"ReadAction","target":["https:\/\/sandeparis.com\/en\/produit\/collier-lakota\/"]}]},{"@type":"ImageObject","inLanguage":"en-US","@id":"https:\/\/sandeparis.com\/en\/produit\/collier-lakota\/#primaryimage","url":"https:\/\/sandeparis.com\/wp-content\/uploads\/2022\/05\/Collier-LAKOTA-by-Sande-Paris-bijoux.-1-1.jpeg","contentUrl":"https:\/\/sandeparis.com\/wp-content\/uploads\/2022\/05\/Collier-LAKOTA-by-Sande-Paris-bijoux.-1-1.jpeg","width":1323,"height":1323,"caption":"Collier LAKOTA by Sande Paris bijoux."},{"@type":"BreadcrumbList","@id":"https:\/\/sandeparis.com\/en\/produit\/collier-lakota\/#breadcrumb","itemListElement":[{"@type":"ListItem","position":1,"name":"Accueil","item":"https:\/\/sandeparis.com\/en\/"},{"@type":"ListItem","position":2,"name":"Boutique","item":"https:\/\/sandeparis.com\/en\/boutique-2\/"},{"@type":"ListItem","position":3,"name":"Necklace Lakota"}]},{"@type":"WebSite","@id":"https:\/\/sandeparis.com\/en\/#website","url":"https:\/\/sandeparis.com\/en\/","name":"SANDE PARIS","description":"High-Fantasy Jewelry - Made in Paris","alternateName":"SANDE PARIS","potentialAction":[{"@type":"SearchAction","target":{"@type":"EntryPoint","urlTemplate":"https:\/\/sandeparis.com\/en\/?s={search_term_string}"},"query-input":{"@type":"PropertyValueSpecification","valueRequired":true,"valueName":"search_term_string"}}],"inLanguage":"en-US"}]}},"_links":{"self":[{"href":"https:\/\/sandeparis.com\/en\/wp-json\/wp\/v2\/product\/13464","targetHints":{"allow":["GET"]}}],"collection":[{"href":"https:\/\/sandeparis.com\/en\/wp-json\/wp\/v2\/product"}],"about":[{"href":"https:\/\/sandeparis.com\/en\/wp-json\/wp\/v2\/types\/product"}],"wp:featuredmedia":[{"embeddable":true,"href":"https:\/\/sandeparis.com\/en\/wp-json\/wp\/v2\/media\/16129"}],"wp:attachment":[{"href":"https:\/\/sandeparis.com\/en\/wp-json\/wp\/v2\/media?parent=13464"}],"wp:term":[{"taxonomy":"product_brand","embeddable":true,"href":"https:\/\/sandeparis.com\/en\/wp-json\/wp\/v2\/product_brand?post=13464"},{"taxonomy":"product_cat","embeddable":true,"href":"https:\/\/sandeparis.com\/en\/wp-json\/wp\/v2\/product_cat?post=13464"},{"taxonomy":"product_tag","embeddable":true,"href":"https:\/\/sandeparis.com\/en\/wp-json\/wp\/v2\/product_tag?post=13464"}],"curies":[{"name":"wp","href":"https:\/\/api.w.org\/{rel}","templated":true}]}}