{"id":22448,"date":"2025-12-16T21:58:30","date_gmt":"2025-12-16T20:58:30","guid":{"rendered":"https:\/\/sandeparis.com\/?post_type=product&#038;p=22448"},"modified":"2026-01-19T00:59:19","modified_gmt":"2026-01-18T23:59:19","slug":"pendant-small-calypso-4-stones","status":"publish","type":"product","link":"https:\/\/sandeparis.com\/en\/produit\/pendant-small-calypso-4-stones\/","title":{"rendered":"Pendant Small Calypso &#8211; 4 Stones"},"content":{"rendered":"<div class=\"fusion-fullwidth fullwidth-box fusion-builder-row-1 fusion-flex-container nonhundred-percent-fullwidth non-hundred-percent-height-scrolling\" style=\"--awb-border-radius-top-left:0px;--awb-border-radius-top-right:0px;--awb-border-radius-bottom-right:0px;--awb-border-radius-bottom-left:0px;--awb-flex-wrap:wrap;\" ><div class=\"fusion-builder-row fusion-row fusion-flex-align-items-flex-start fusion-flex-content-wrap\" style=\"max-width:1248px;margin-left: calc(-4% \/ 2 );margin-right: calc(-4% \/ 2 );\"><div class=\"fusion-layout-column fusion_builder_column fusion-builder-column-0 fusion_builder_column_1_1 1_1 fusion-flex-column\" style=\"--awb-bg-size:cover;--awb-width-large:100%;--awb-margin-top-large:0px;--awb-spacing-right-large:1.92%;--awb-margin-bottom-large:0px;--awb-spacing-left-large:1.92%;--awb-width-medium:100%;--awb-spacing-right-medium:1.92%;--awb-spacing-left-medium:1.92%;--awb-width-small:100%;--awb-spacing-right-small:1.92%;--awb-spacing-left-small:1.92%;\"><div class=\"fusion-column-wrapper fusion-flex-justify-content-flex-start fusion-content-layout-column\"><div class=\"fusion-text fusion-text-1\"><p>Chaque pi\u00e8ce est unique, elle est fabriqu\u00e9e individuellement \u00e0 la main,\u00a0avec des pierres naturelles, aux couleurs variables, et il se peut donc\u00a0qu\u2019il y ait une l\u00e9g\u00e8re diff\u00e9rence par rapport \u00e0 la photo s\u00e9lectionn\u00e9e.<\/p>\n<\/div><\/div><\/div><\/div><\/div>\n","protected":false},"excerpt":{"rendered":"<p style=\"font-weight: 400;\">Calypso was born from the exploration of ammonites, these ancient spirals, a legacy of the seas and the depths.<\/p>\n<p style=\"font-weight: 400;\">Gold plated pendant, with one round semi precious stone: Turquoise &#8211; garnet &#8211; Lapis Lazuli or Rhodochrosite &#8211; fits all necklaces and chains thanks to its lobster clasp &#8211; an original Sande Paris design, 24-karat gold plated.<\/p>\n<p style=\"font-weight: 400;\">Each piece is handmade in our Parisian workshop.<\/p>\n<p style=\"font-weight: 400;\">Pendant size with clasp: 3 cm x 1,5 cm &#8211; 1.18 x 0.59 Inch<\/p>\n","protected":false},"featured_media":22458,"template":"","meta":{"_acf_changed":false},"product_brand":[],"product_cat":[1740,894,922,948,1052,1068,914,1098,1116,1193,1243,1156,912,906,1225,1267,1237,1233,1265,1348],"product_tag":[],"class_list":{"0":"post-22448","1":"product","2":"type-product","3":"status-publish","4":"has-post-thumbnail","6":"product_cat-calypso-en","7":"product_cat-accueil-en","8":"product_cat-agate-en-pendants-en","9":"product_cat-amethyst-en-pendants-en","10":"product_cat-carnelian-en-pendants-en","11":"product_cat-carnelian-en-collections-en","12":"product_cat-collections-en","13":"product_cat-garnet-en-pendants-en","14":"product_cat-garnet-en-collections-en","15":"product_cat-gold-en-2","16":"product_cat-gold-en-collections-en","17":"product_cat-malachite-en-pendants-en","18":"product_cat-new-en","19":"product_cat-pendants-en","20":"product_cat-quartz-en-5","21":"product_cat-rhodocrosite-en-collections-en","22":"product_cat-rhodocrosite-en-5","23":"product_cat-turquoise-en-4","24":"product_cat-turquoise-en-pendants-en","25":"product_cat-turquoise-en-7","26":"pa_pierres-turquoise-en-4","27":"pa_pierres-lapis-lazuli-blue","28":"pa_pierres-rhodochrosite-pink-en","29":"pa_pierres-garnetred-en","30":"pif-has-gallery","32":"first","33":"instock","34":"taxable","35":"shipping-taxable","36":"purchasable","37":"product-type-variable","38":"has-default-attributes"},"acf":[],"yoast_head":"<!-- This site is optimized with the Yoast SEO plugin v27.1.1 - https:\/\/yoast.com\/product\/yoast-seo-wordpress\/ -->\n<title>Pendant Small Calypso - 4 Stones by SANDE PARIS<\/title>\n<meta name=\"description\" content=\"Pendant Small Calypso - 4 Stones Made in Paris Original design By SANDE PARIS jewelry.\" \/>\n<meta name=\"robots\" content=\"index, follow, max-snippet:-1, max-image-preview:large, max-video-preview:-1\" \/>\n<link rel=\"canonical\" href=\"https:\/\/sandeparis.com\/en\/produit\/pendant-small-calypso-4-stones\/\" \/>\n<meta name=\"twitter:label1\" content=\"Est. reading time\" \/>\n\t<meta name=\"twitter:data1\" content=\"1 minute\" \/>\n<script type=\"application\/ld+json\" class=\"yoast-schema-graph\">{\"@context\":\"https:\/\/schema.org\",\"@graph\":[{\"@type\":\"WebPage\",\"@id\":\"https:\/\/sandeparis.com\/en\/produit\/pendant-small-calypso-4-stones\/\",\"url\":\"https:\/\/sandeparis.com\/en\/produit\/pendant-small-calypso-4-stones\/\",\"name\":\"Pendant Small Calypso - 4 Stones by SANDE PARIS\",\"isPartOf\":{\"@id\":\"https:\/\/sandeparis.com\/en\/#website\"},\"primaryImageOfPage\":{\"@id\":\"https:\/\/sandeparis.com\/en\/produit\/pendant-small-calypso-4-stones\/#primaryimage\"},\"image\":{\"@id\":\"https:\/\/sandeparis.com\/en\/produit\/pendant-small-calypso-4-stones\/#primaryimage\"},\"thumbnailUrl\":\"https:\/\/sandeparis.com\/wp-content\/uploads\/2025\/12\/Pendentif-Petit-CALYPSO-Pendant-Small-CALYPSO-by-Sande-Paris-jewel--scaled.jpeg\",\"datePublished\":\"2025-12-16T20:58:30+00:00\",\"dateModified\":\"2026-01-18T23:59:19+00:00\",\"description\":\"Pendant Small Calypso - 4 Stones Made in Paris Original design By SANDE PARIS jewelry.\",\"breadcrumb\":{\"@id\":\"https:\/\/sandeparis.com\/en\/produit\/pendant-small-calypso-4-stones\/#breadcrumb\"},\"inLanguage\":\"en-US\",\"potentialAction\":[{\"@type\":\"ReadAction\",\"target\":[\"https:\/\/sandeparis.com\/en\/produit\/pendant-small-calypso-4-stones\/\"]}]},{\"@type\":\"ImageObject\",\"inLanguage\":\"en-US\",\"@id\":\"https:\/\/sandeparis.com\/en\/produit\/pendant-small-calypso-4-stones\/#primaryimage\",\"url\":\"https:\/\/sandeparis.com\/wp-content\/uploads\/2025\/12\/Pendentif-Petit-CALYPSO-Pendant-Small-CALYPSO-by-Sande-Paris-jewel--scaled.jpeg\",\"contentUrl\":\"https:\/\/sandeparis.com\/wp-content\/uploads\/2025\/12\/Pendentif-Petit-CALYPSO-Pendant-Small-CALYPSO-by-Sande-Paris-jewel--scaled.jpeg\",\"width\":1230,\"height\":1230,\"caption\":\"Pendentif Petit CALYPSO Pendant Small CALYPSO by Sande Paris jewel\"},{\"@type\":\"BreadcrumbList\",\"@id\":\"https:\/\/sandeparis.com\/en\/produit\/pendant-small-calypso-4-stones\/#breadcrumb\",\"itemListElement\":[{\"@type\":\"ListItem\",\"position\":1,\"name\":\"Accueil\",\"item\":\"https:\/\/sandeparis.com\/en\/\"},{\"@type\":\"ListItem\",\"position\":2,\"name\":\"Boutique\",\"item\":\"https:\/\/sandeparis.com\/en\/boutique-2\/\"},{\"@type\":\"ListItem\",\"position\":3,\"name\":\"Pendant Small Calypso &#8211; 4 Stones\"}]},{\"@type\":\"WebSite\",\"@id\":\"https:\/\/sandeparis.com\/en\/#website\",\"url\":\"https:\/\/sandeparis.com\/en\/\",\"name\":\"SANDE PARIS\",\"description\":\"High-Fantasy Jewelry - Made in Paris\",\"alternateName\":\"SANDE PARIS\",\"potentialAction\":[{\"@type\":\"SearchAction\",\"target\":{\"@type\":\"EntryPoint\",\"urlTemplate\":\"https:\/\/sandeparis.com\/en\/?s={search_term_string}\"},\"query-input\":{\"@type\":\"PropertyValueSpecification\",\"valueRequired\":true,\"valueName\":\"search_term_string\"}}],\"inLanguage\":\"en-US\"}]}<\/script>\n<!-- \/ Yoast SEO plugin. -->","yoast_head_json":{"title":"Pendant Small Calypso - 4 Stones by SANDE PARIS","description":"Pendant Small Calypso - 4 Stones Made in Paris Original design By SANDE PARIS jewelry.","robots":{"index":"index","follow":"follow","max-snippet":"max-snippet:-1","max-image-preview":"max-image-preview:large","max-video-preview":"max-video-preview:-1"},"canonical":"https:\/\/sandeparis.com\/en\/produit\/pendant-small-calypso-4-stones\/","twitter_misc":{"Est. reading time":"1 minute"},"schema":{"@context":"https:\/\/schema.org","@graph":[{"@type":"WebPage","@id":"https:\/\/sandeparis.com\/en\/produit\/pendant-small-calypso-4-stones\/","url":"https:\/\/sandeparis.com\/en\/produit\/pendant-small-calypso-4-stones\/","name":"Pendant Small Calypso - 4 Stones by SANDE PARIS","isPartOf":{"@id":"https:\/\/sandeparis.com\/en\/#website"},"primaryImageOfPage":{"@id":"https:\/\/sandeparis.com\/en\/produit\/pendant-small-calypso-4-stones\/#primaryimage"},"image":{"@id":"https:\/\/sandeparis.com\/en\/produit\/pendant-small-calypso-4-stones\/#primaryimage"},"thumbnailUrl":"https:\/\/sandeparis.com\/wp-content\/uploads\/2025\/12\/Pendentif-Petit-CALYPSO-Pendant-Small-CALYPSO-by-Sande-Paris-jewel--scaled.jpeg","datePublished":"2025-12-16T20:58:30+00:00","dateModified":"2026-01-18T23:59:19+00:00","description":"Pendant Small Calypso - 4 Stones Made in Paris Original design By SANDE PARIS jewelry.","breadcrumb":{"@id":"https:\/\/sandeparis.com\/en\/produit\/pendant-small-calypso-4-stones\/#breadcrumb"},"inLanguage":"en-US","potentialAction":[{"@type":"ReadAction","target":["https:\/\/sandeparis.com\/en\/produit\/pendant-small-calypso-4-stones\/"]}]},{"@type":"ImageObject","inLanguage":"en-US","@id":"https:\/\/sandeparis.com\/en\/produit\/pendant-small-calypso-4-stones\/#primaryimage","url":"https:\/\/sandeparis.com\/wp-content\/uploads\/2025\/12\/Pendentif-Petit-CALYPSO-Pendant-Small-CALYPSO-by-Sande-Paris-jewel--scaled.jpeg","contentUrl":"https:\/\/sandeparis.com\/wp-content\/uploads\/2025\/12\/Pendentif-Petit-CALYPSO-Pendant-Small-CALYPSO-by-Sande-Paris-jewel--scaled.jpeg","width":1230,"height":1230,"caption":"Pendentif Petit CALYPSO Pendant Small CALYPSO by Sande Paris jewel"},{"@type":"BreadcrumbList","@id":"https:\/\/sandeparis.com\/en\/produit\/pendant-small-calypso-4-stones\/#breadcrumb","itemListElement":[{"@type":"ListItem","position":1,"name":"Accueil","item":"https:\/\/sandeparis.com\/en\/"},{"@type":"ListItem","position":2,"name":"Boutique","item":"https:\/\/sandeparis.com\/en\/boutique-2\/"},{"@type":"ListItem","position":3,"name":"Pendant Small Calypso &#8211; 4 Stones"}]},{"@type":"WebSite","@id":"https:\/\/sandeparis.com\/en\/#website","url":"https:\/\/sandeparis.com\/en\/","name":"SANDE PARIS","description":"High-Fantasy Jewelry - Made in Paris","alternateName":"SANDE PARIS","potentialAction":[{"@type":"SearchAction","target":{"@type":"EntryPoint","urlTemplate":"https:\/\/sandeparis.com\/en\/?s={search_term_string}"},"query-input":{"@type":"PropertyValueSpecification","valueRequired":true,"valueName":"search_term_string"}}],"inLanguage":"en-US"}]}},"_links":{"self":[{"href":"https:\/\/sandeparis.com\/en\/wp-json\/wp\/v2\/product\/22448","targetHints":{"allow":["GET"]}}],"collection":[{"href":"https:\/\/sandeparis.com\/en\/wp-json\/wp\/v2\/product"}],"about":[{"href":"https:\/\/sandeparis.com\/en\/wp-json\/wp\/v2\/types\/product"}],"wp:featuredmedia":[{"embeddable":true,"href":"https:\/\/sandeparis.com\/en\/wp-json\/wp\/v2\/media\/22458"}],"wp:attachment":[{"href":"https:\/\/sandeparis.com\/en\/wp-json\/wp\/v2\/media?parent=22448"}],"wp:term":[{"taxonomy":"product_brand","embeddable":true,"href":"https:\/\/sandeparis.com\/en\/wp-json\/wp\/v2\/product_brand?post=22448"},{"taxonomy":"product_cat","embeddable":true,"href":"https:\/\/sandeparis.com\/en\/wp-json\/wp\/v2\/product_cat?post=22448"},{"taxonomy":"product_tag","embeddable":true,"href":"https:\/\/sandeparis.com\/en\/wp-json\/wp\/v2\/product_tag?post=22448"}],"curies":[{"name":"wp","href":"https:\/\/api.w.org\/{rel}","templated":true}]}}