{"id":4459,"date":"2018-10-15T20:23:02","date_gmt":"2018-10-15T18:23:02","guid":{"rendered":"https:\/\/www.sandeparis.com\/bijoux\/hoop-earrings-grace\/"},"modified":"2021-12-20T17:57:57","modified_gmt":"2021-12-20T16:57:57","slug":"hoop-earrings-grace","status":"publish","type":"product","link":"https:\/\/sandeparis.com\/en\/produit\/hoop-earrings-grace\/","title":{"rendered":"Hoop Earrings Grace"},"content":{"rendered":"<div class=\"fusion-fullwidth fullwidth-box fusion-builder-row-1 fusion-flex-container nonhundred-percent-fullwidth non-hundred-percent-height-scrolling\" style=\"--awb-border-radius-top-left:0px;--awb-border-radius-top-right:0px;--awb-border-radius-bottom-right:0px;--awb-border-radius-bottom-left:0px;--awb-flex-wrap:wrap;\" ><div class=\"fusion-builder-row fusion-row fusion-flex-align-items-flex-start fusion-flex-content-wrap\" style=\"max-width:1248px;margin-left: calc(-4% \/ 2 );margin-right: calc(-4% \/ 2 );\"><div class=\"fusion-layout-column fusion_builder_column fusion-builder-column-0 fusion_builder_column_1_1 1_1 fusion-flex-column\" style=\"--awb-bg-size:cover;--awb-width-large:100%;--awb-margin-top-large:0px;--awb-spacing-right-large:1.92%;--awb-margin-bottom-large:0px;--awb-spacing-left-large:1.92%;--awb-width-medium:100%;--awb-spacing-right-medium:1.92%;--awb-spacing-left-medium:1.92%;--awb-width-small:100%;--awb-spacing-right-small:1.92%;--awb-spacing-left-small:1.92%;\"><div class=\"fusion-column-wrapper fusion-flex-justify-content-flex-start fusion-content-layout-column\"><div class=\"fusion-text fusion-text-1\"><p>Each unique piece is individually hand-crafted with natural semi precious stone, with variable color\u00a0and so may vary ever so slightly from the image featured.<\/p>\n<\/div><\/div><\/div><\/div><\/div>\n","protected":false},"excerpt":{"rendered":"<p>24K gold-plated\u00a0Hoops Earrings GRACE, handcrafted with a pretty loop design, original design from the brand.<\/p>\n<p>Each unique piece is individually hand-crafted,\u00a0in our work-shop in Paris.<\/p>\n<p>Diameter:\u00a04,5 cm<\/p>\n<p>Reference : CR.GR.YG<\/p>\n","protected":false},"featured_media":12273,"template":"","meta":{"_acf_changed":false},"product_brand":[],"product_cat":[1769,894,914,898,1150,1243],"product_tag":[],"class_list":{"0":"post-4459","1":"product","2":"type-product","3":"status-publish","4":"has-post-thumbnail","6":"product_cat-mignonnettes-en","7":"product_cat-accueil-en","8":"product_cat-collections-en","9":"product_cat-earrings-en","10":"product_cat-gold-en-earrings-en","11":"product_cat-gold-en-collections-en","12":"pif-has-gallery","14":"first","15":"instock","16":"taxable","17":"shipping-taxable","18":"purchasable","19":"product-type-simple"},"acf":[],"yoast_head":"<!-- This site is optimized with the Yoast SEO plugin v27.1.1 - https:\/\/yoast.com\/product\/yoast-seo-wordpress\/ -->\n<title>Hoop Earrings Grace<\/title>\n<meta name=\"description\" content=\"24K gold-plated\u00a0Hoops Earrings GRACE, handcrafted with a pretty loop design, original design from the brand.Each unique piece is individually hand-crafted,\u00a0in our work-shop in Paris.\" \/>\n<meta name=\"robots\" content=\"index, follow, max-snippet:-1, max-image-preview:large, max-video-preview:-1\" \/>\n<link rel=\"canonical\" href=\"https:\/\/sandeparis.com\/en\/produit\/hoop-earrings-grace\/\" \/>\n<meta name=\"twitter:label1\" content=\"Est. reading time\" \/>\n\t<meta name=\"twitter:data1\" content=\"1 minute\" \/>\n<script type=\"application\/ld+json\" class=\"yoast-schema-graph\">{\"@context\":\"https:\/\/schema.org\",\"@graph\":[{\"@type\":\"WebPage\",\"@id\":\"https:\/\/sandeparis.com\/en\/produit\/hoop-earrings-grace\/\",\"url\":\"https:\/\/sandeparis.com\/en\/produit\/hoop-earrings-grace\/\",\"name\":\"Hoop Earrings Grace\",\"isPartOf\":{\"@id\":\"https:\/\/sandeparis.com\/en\/#website\"},\"primaryImageOfPage\":{\"@id\":\"https:\/\/sandeparis.com\/en\/produit\/hoop-earrings-grace\/#primaryimage\"},\"image\":{\"@id\":\"https:\/\/sandeparis.com\/en\/produit\/hoop-earrings-grace\/#primaryimage\"},\"thumbnailUrl\":\"https:\/\/sandeparis.com\/wp-content\/uploads\/2018\/10\/Creoles-GRACE-scaled.jpeg\",\"datePublished\":\"2018-10-15T18:23:02+00:00\",\"dateModified\":\"2021-12-20T16:57:57+00:00\",\"description\":\"24K gold-plated\u00a0Hoops Earrings GRACE, handcrafted with a pretty loop design, original design from the brand.Each unique piece is individually hand-crafted,\u00a0in our work-shop in Paris.\",\"breadcrumb\":{\"@id\":\"https:\/\/sandeparis.com\/en\/produit\/hoop-earrings-grace\/#breadcrumb\"},\"inLanguage\":\"en-US\",\"potentialAction\":[{\"@type\":\"ReadAction\",\"target\":[\"https:\/\/sandeparis.com\/en\/produit\/hoop-earrings-grace\/\"]}]},{\"@type\":\"ImageObject\",\"inLanguage\":\"en-US\",\"@id\":\"https:\/\/sandeparis.com\/en\/produit\/hoop-earrings-grace\/#primaryimage\",\"url\":\"https:\/\/sandeparis.com\/wp-content\/uploads\/2018\/10\/Creoles-GRACE-scaled.jpeg\",\"contentUrl\":\"https:\/\/sandeparis.com\/wp-content\/uploads\/2018\/10\/Creoles-GRACE-scaled.jpeg\",\"width\":2560,\"height\":2560,\"caption\":\"Grace avec le design d\u2019une jolie boucle, design original de la marque. Chaque pi\u00e8ce est dor\u00e9e \u00e0 l\u2019or 24 carats, pour oreilles perc\u00e9es. Chaque pi\u00e8ce est r\u00e9alis\u00e9e \u00e0 la main, dans notre atelier Parisien.\"},{\"@type\":\"BreadcrumbList\",\"@id\":\"https:\/\/sandeparis.com\/en\/produit\/hoop-earrings-grace\/#breadcrumb\",\"itemListElement\":[{\"@type\":\"ListItem\",\"position\":1,\"name\":\"Accueil\",\"item\":\"https:\/\/sandeparis.com\/en\/\"},{\"@type\":\"ListItem\",\"position\":2,\"name\":\"Boutique\",\"item\":\"https:\/\/sandeparis.com\/en\/boutique-2\/\"},{\"@type\":\"ListItem\",\"position\":3,\"name\":\"Hoop Earrings Grace\"}]},{\"@type\":\"WebSite\",\"@id\":\"https:\/\/sandeparis.com\/en\/#website\",\"url\":\"https:\/\/sandeparis.com\/en\/\",\"name\":\"SANDE PARIS\",\"description\":\"High-Fantasy Jewelry - Made in Paris\",\"alternateName\":\"SANDE PARIS\",\"potentialAction\":[{\"@type\":\"SearchAction\",\"target\":{\"@type\":\"EntryPoint\",\"urlTemplate\":\"https:\/\/sandeparis.com\/en\/?s={search_term_string}\"},\"query-input\":{\"@type\":\"PropertyValueSpecification\",\"valueRequired\":true,\"valueName\":\"search_term_string\"}}],\"inLanguage\":\"en-US\"}]}<\/script>\n<!-- \/ Yoast SEO plugin. -->","yoast_head_json":{"title":"Hoop Earrings Grace","description":"24K gold-plated\u00a0Hoops Earrings GRACE, handcrafted with a pretty loop design, original design from the brand.Each unique piece is individually hand-crafted,\u00a0in our work-shop in Paris.","robots":{"index":"index","follow":"follow","max-snippet":"max-snippet:-1","max-image-preview":"max-image-preview:large","max-video-preview":"max-video-preview:-1"},"canonical":"https:\/\/sandeparis.com\/en\/produit\/hoop-earrings-grace\/","twitter_misc":{"Est. reading time":"1 minute"},"schema":{"@context":"https:\/\/schema.org","@graph":[{"@type":"WebPage","@id":"https:\/\/sandeparis.com\/en\/produit\/hoop-earrings-grace\/","url":"https:\/\/sandeparis.com\/en\/produit\/hoop-earrings-grace\/","name":"Hoop Earrings Grace","isPartOf":{"@id":"https:\/\/sandeparis.com\/en\/#website"},"primaryImageOfPage":{"@id":"https:\/\/sandeparis.com\/en\/produit\/hoop-earrings-grace\/#primaryimage"},"image":{"@id":"https:\/\/sandeparis.com\/en\/produit\/hoop-earrings-grace\/#primaryimage"},"thumbnailUrl":"https:\/\/sandeparis.com\/wp-content\/uploads\/2018\/10\/Creoles-GRACE-scaled.jpeg","datePublished":"2018-10-15T18:23:02+00:00","dateModified":"2021-12-20T16:57:57+00:00","description":"24K gold-plated\u00a0Hoops Earrings GRACE, handcrafted with a pretty loop design, original design from the brand.Each unique piece is individually hand-crafted,\u00a0in our work-shop in Paris.","breadcrumb":{"@id":"https:\/\/sandeparis.com\/en\/produit\/hoop-earrings-grace\/#breadcrumb"},"inLanguage":"en-US","potentialAction":[{"@type":"ReadAction","target":["https:\/\/sandeparis.com\/en\/produit\/hoop-earrings-grace\/"]}]},{"@type":"ImageObject","inLanguage":"en-US","@id":"https:\/\/sandeparis.com\/en\/produit\/hoop-earrings-grace\/#primaryimage","url":"https:\/\/sandeparis.com\/wp-content\/uploads\/2018\/10\/Creoles-GRACE-scaled.jpeg","contentUrl":"https:\/\/sandeparis.com\/wp-content\/uploads\/2018\/10\/Creoles-GRACE-scaled.jpeg","width":2560,"height":2560,"caption":"Grace avec le design d\u2019une jolie boucle, design original de la marque. Chaque pi\u00e8ce est dor\u00e9e \u00e0 l\u2019or 24 carats, pour oreilles perc\u00e9es. Chaque pi\u00e8ce est r\u00e9alis\u00e9e \u00e0 la main, dans notre atelier Parisien."},{"@type":"BreadcrumbList","@id":"https:\/\/sandeparis.com\/en\/produit\/hoop-earrings-grace\/#breadcrumb","itemListElement":[{"@type":"ListItem","position":1,"name":"Accueil","item":"https:\/\/sandeparis.com\/en\/"},{"@type":"ListItem","position":2,"name":"Boutique","item":"https:\/\/sandeparis.com\/en\/boutique-2\/"},{"@type":"ListItem","position":3,"name":"Hoop Earrings Grace"}]},{"@type":"WebSite","@id":"https:\/\/sandeparis.com\/en\/#website","url":"https:\/\/sandeparis.com\/en\/","name":"SANDE PARIS","description":"High-Fantasy Jewelry - Made in Paris","alternateName":"SANDE PARIS","potentialAction":[{"@type":"SearchAction","target":{"@type":"EntryPoint","urlTemplate":"https:\/\/sandeparis.com\/en\/?s={search_term_string}"},"query-input":{"@type":"PropertyValueSpecification","valueRequired":true,"valueName":"search_term_string"}}],"inLanguage":"en-US"}]}},"_links":{"self":[{"href":"https:\/\/sandeparis.com\/en\/wp-json\/wp\/v2\/product\/4459","targetHints":{"allow":["GET"]}}],"collection":[{"href":"https:\/\/sandeparis.com\/en\/wp-json\/wp\/v2\/product"}],"about":[{"href":"https:\/\/sandeparis.com\/en\/wp-json\/wp\/v2\/types\/product"}],"wp:featuredmedia":[{"embeddable":true,"href":"https:\/\/sandeparis.com\/en\/wp-json\/wp\/v2\/media\/12273"}],"wp:attachment":[{"href":"https:\/\/sandeparis.com\/en\/wp-json\/wp\/v2\/media?parent=4459"}],"wp:term":[{"taxonomy":"product_brand","embeddable":true,"href":"https:\/\/sandeparis.com\/en\/wp-json\/wp\/v2\/product_brand?post=4459"},{"taxonomy":"product_cat","embeddable":true,"href":"https:\/\/sandeparis.com\/en\/wp-json\/wp\/v2\/product_cat?post=4459"},{"taxonomy":"product_tag","embeddable":true,"href":"https:\/\/sandeparis.com\/en\/wp-json\/wp\/v2\/product_tag?post=4459"}],"curies":[{"name":"wp","href":"https:\/\/api.w.org\/{rel}","templated":true}]}}