{"id":8878,"date":"2020-11-15T17:07:07","date_gmt":"2020-11-15T16:07:07","guid":{"rendered":"https:\/\/www.sandeparis.com\/?post_type=product&#038;p=8878"},"modified":"2020-11-15T17:27:19","modified_gmt":"2020-11-15T16:27:19","slug":"sleepers-mon-amour","status":"publish","type":"product","link":"https:\/\/sandeparis.com\/en\/produit\/sleepers-mon-amour\/","title":{"rendered":"Sleepers Mon Amour"},"content":{"rendered":"<p>Each unique piece is individually hand-crafted with natural semi precious stone, with variable color\u00a0and so may vary ever so slightly from the image featured.<\/p>\n","protected":false},"excerpt":{"rendered":"<p>Sleepers in freshwater pearls, and in its center handcrafted heart, 24 carat gold plated.<\/p>\n<p>Each piece is unique, it is individually handcrafted, with\u00a0natural pearls, of varying colors and shapes, and so there may be\u00a0a slight difference from the selected photo.<\/p>\n<p><em><em><span style=\"color: #4a4a4a;\">Symbolic:\u00a0<\/span><\/em><br \/>\n<\/em><\/p>\n<p>One Persian legend tells that pearls were created when a rainbow met the\u00a0earth after a storm. Imperfections in a pearl\u2019s appearance were thought\u00a0to be the result of thunder and lightning.<\/p>\n<p>The ancient Egyptians prized pearls so much that they were buried with\u00a0them.\u00a0Cleopatra reportedly dissolved a pearl from one of her earrings in\u00a0a glass of either wine or vinegar, depending on the source, and drank it.\u00a0She did this just to show Mark Anthony that she could devour the\u00a0wealth of an entire nation in just one gulp.<\/p>\n<p>&nbsp;<\/p>\n<p>Size: 2,5 cm<\/p>\n<p>Reference: D.MA.C.P.YG<\/p>\n","protected":false},"featured_media":12008,"template":"","meta":{"_acf_changed":false},"product_brand":[],"product_cat":[1738,1737,894,914,898,1150,1243,982],"product_tag":[1475],"class_list":{"0":"post-8878","1":"product","2":"type-product","3":"status-publish","4":"has-post-thumbnail","6":"product_cat-my-heart-en","7":"product_cat-wedding","8":"product_cat-accueil-en","9":"product_cat-collections-en","10":"product_cat-earrings-en","11":"product_cat-gold-en-earrings-en","12":"product_cat-gold-en-collections-en","13":"product_cat-silver-en-collections-en","14":"product_tag-gold","15":"pif-has-gallery","17":"first","18":"outofstock","19":"taxable","20":"shipping-taxable","21":"purchasable","22":"product-type-simple"},"acf":[],"yoast_head":"<!-- This site is optimized with the Yoast SEO plugin v27.1.1 - https:\/\/yoast.com\/product\/yoast-seo-wordpress\/ -->\n<title>Sleepers Mon Amour<\/title>\n<meta name=\"description\" content=\"Sleepers Mon Amour, with freshwater pearls, handcradted heart, gold plated\" \/>\n<meta name=\"robots\" content=\"index, follow, max-snippet:-1, max-image-preview:large, max-video-preview:-1\" \/>\n<link rel=\"canonical\" href=\"https:\/\/sandeparis.com\/en\/produit\/sleepers-mon-amour\/\" \/>\n<script type=\"application\/ld+json\" class=\"yoast-schema-graph\">{\"@context\":\"https:\/\/schema.org\",\"@graph\":[{\"@type\":\"WebPage\",\"@id\":\"https:\/\/sandeparis.com\/en\/produit\/sleepers-mon-amour\/\",\"url\":\"https:\/\/sandeparis.com\/en\/produit\/sleepers-mon-amour\/\",\"name\":\"Sleepers Mon Amour\",\"isPartOf\":{\"@id\":\"https:\/\/sandeparis.com\/en\/#website\"},\"primaryImageOfPage\":{\"@id\":\"https:\/\/sandeparis.com\/en\/produit\/sleepers-mon-amour\/#primaryimage\"},\"image\":{\"@id\":\"https:\/\/sandeparis.com\/en\/produit\/sleepers-mon-amour\/#primaryimage\"},\"thumbnailUrl\":\"https:\/\/sandeparis.com\/wp-content\/uploads\/2020\/11\/IMG_0100-1-scaled.jpeg\",\"datePublished\":\"2020-11-15T16:07:07+00:00\",\"dateModified\":\"2020-11-15T16:27:19+00:00\",\"description\":\"Sleepers Mon Amour, with freshwater pearls, handcradted heart, gold plated\",\"breadcrumb\":{\"@id\":\"https:\/\/sandeparis.com\/en\/produit\/sleepers-mon-amour\/#breadcrumb\"},\"inLanguage\":\"en-US\",\"potentialAction\":[{\"@type\":\"ReadAction\",\"target\":[\"https:\/\/sandeparis.com\/en\/produit\/sleepers-mon-amour\/\"]}]},{\"@type\":\"ImageObject\",\"inLanguage\":\"en-US\",\"@id\":\"https:\/\/sandeparis.com\/en\/produit\/sleepers-mon-amour\/#primaryimage\",\"url\":\"https:\/\/sandeparis.com\/wp-content\/uploads\/2020\/11\/IMG_0100-1-scaled.jpeg\",\"contentUrl\":\"https:\/\/sandeparis.com\/wp-content\/uploads\/2020\/11\/IMG_0100-1-scaled.jpeg\",\"width\":1230,\"height\":1230,\"caption\":\"Dormeuses en perles d\u2019eau douce, et en son centre un Coeur fait main \u2013 le tout dor\u00e9 \u00e0 l\u2019or 24 carats Chaque pi\u00e8ce est unique, elle est fabriqu\u00e9e individuellement \u00e0 la main, avec des perles naturelles, aux couleurs et formes variables, et il se peut donc qu\u2019il y ait une l\u00e9g\u00e8re diff\u00e9rence par rapport \u00e0 la photo s\u00e9lectionn\u00e9e.\"},{\"@type\":\"BreadcrumbList\",\"@id\":\"https:\/\/sandeparis.com\/en\/produit\/sleepers-mon-amour\/#breadcrumb\",\"itemListElement\":[{\"@type\":\"ListItem\",\"position\":1,\"name\":\"Accueil\",\"item\":\"https:\/\/sandeparis.com\/en\/\"},{\"@type\":\"ListItem\",\"position\":2,\"name\":\"Boutique\",\"item\":\"https:\/\/sandeparis.com\/en\/boutique-2\/\"},{\"@type\":\"ListItem\",\"position\":3,\"name\":\"Sleepers Mon Amour\"}]},{\"@type\":\"WebSite\",\"@id\":\"https:\/\/sandeparis.com\/en\/#website\",\"url\":\"https:\/\/sandeparis.com\/en\/\",\"name\":\"SANDE PARIS\",\"description\":\"High-Fantasy Jewelry - Made in Paris\",\"alternateName\":\"SANDE PARIS\",\"potentialAction\":[{\"@type\":\"SearchAction\",\"target\":{\"@type\":\"EntryPoint\",\"urlTemplate\":\"https:\/\/sandeparis.com\/en\/?s={search_term_string}\"},\"query-input\":{\"@type\":\"PropertyValueSpecification\",\"valueRequired\":true,\"valueName\":\"search_term_string\"}}],\"inLanguage\":\"en-US\"}]}<\/script>\n<!-- \/ Yoast SEO plugin. -->","yoast_head_json":{"title":"Sleepers Mon Amour","description":"Sleepers Mon Amour, with freshwater pearls, handcradted heart, gold plated","robots":{"index":"index","follow":"follow","max-snippet":"max-snippet:-1","max-image-preview":"max-image-preview:large","max-video-preview":"max-video-preview:-1"},"canonical":"https:\/\/sandeparis.com\/en\/produit\/sleepers-mon-amour\/","schema":{"@context":"https:\/\/schema.org","@graph":[{"@type":"WebPage","@id":"https:\/\/sandeparis.com\/en\/produit\/sleepers-mon-amour\/","url":"https:\/\/sandeparis.com\/en\/produit\/sleepers-mon-amour\/","name":"Sleepers Mon Amour","isPartOf":{"@id":"https:\/\/sandeparis.com\/en\/#website"},"primaryImageOfPage":{"@id":"https:\/\/sandeparis.com\/en\/produit\/sleepers-mon-amour\/#primaryimage"},"image":{"@id":"https:\/\/sandeparis.com\/en\/produit\/sleepers-mon-amour\/#primaryimage"},"thumbnailUrl":"https:\/\/sandeparis.com\/wp-content\/uploads\/2020\/11\/IMG_0100-1-scaled.jpeg","datePublished":"2020-11-15T16:07:07+00:00","dateModified":"2020-11-15T16:27:19+00:00","description":"Sleepers Mon Amour, with freshwater pearls, handcradted heart, gold plated","breadcrumb":{"@id":"https:\/\/sandeparis.com\/en\/produit\/sleepers-mon-amour\/#breadcrumb"},"inLanguage":"en-US","potentialAction":[{"@type":"ReadAction","target":["https:\/\/sandeparis.com\/en\/produit\/sleepers-mon-amour\/"]}]},{"@type":"ImageObject","inLanguage":"en-US","@id":"https:\/\/sandeparis.com\/en\/produit\/sleepers-mon-amour\/#primaryimage","url":"https:\/\/sandeparis.com\/wp-content\/uploads\/2020\/11\/IMG_0100-1-scaled.jpeg","contentUrl":"https:\/\/sandeparis.com\/wp-content\/uploads\/2020\/11\/IMG_0100-1-scaled.jpeg","width":1230,"height":1230,"caption":"Dormeuses en perles d\u2019eau douce, et en son centre un Coeur fait main \u2013 le tout dor\u00e9 \u00e0 l\u2019or 24 carats Chaque pi\u00e8ce est unique, elle est fabriqu\u00e9e individuellement \u00e0 la main, avec des perles naturelles, aux couleurs et formes variables, et il se peut donc qu\u2019il y ait une l\u00e9g\u00e8re diff\u00e9rence par rapport \u00e0 la photo s\u00e9lectionn\u00e9e."},{"@type":"BreadcrumbList","@id":"https:\/\/sandeparis.com\/en\/produit\/sleepers-mon-amour\/#breadcrumb","itemListElement":[{"@type":"ListItem","position":1,"name":"Accueil","item":"https:\/\/sandeparis.com\/en\/"},{"@type":"ListItem","position":2,"name":"Boutique","item":"https:\/\/sandeparis.com\/en\/boutique-2\/"},{"@type":"ListItem","position":3,"name":"Sleepers Mon Amour"}]},{"@type":"WebSite","@id":"https:\/\/sandeparis.com\/en\/#website","url":"https:\/\/sandeparis.com\/en\/","name":"SANDE PARIS","description":"High-Fantasy Jewelry - Made in Paris","alternateName":"SANDE PARIS","potentialAction":[{"@type":"SearchAction","target":{"@type":"EntryPoint","urlTemplate":"https:\/\/sandeparis.com\/en\/?s={search_term_string}"},"query-input":{"@type":"PropertyValueSpecification","valueRequired":true,"valueName":"search_term_string"}}],"inLanguage":"en-US"}]}},"_links":{"self":[{"href":"https:\/\/sandeparis.com\/en\/wp-json\/wp\/v2\/product\/8878","targetHints":{"allow":["GET"]}}],"collection":[{"href":"https:\/\/sandeparis.com\/en\/wp-json\/wp\/v2\/product"}],"about":[{"href":"https:\/\/sandeparis.com\/en\/wp-json\/wp\/v2\/types\/product"}],"wp:featuredmedia":[{"embeddable":true,"href":"https:\/\/sandeparis.com\/en\/wp-json\/wp\/v2\/media\/12008"}],"wp:attachment":[{"href":"https:\/\/sandeparis.com\/en\/wp-json\/wp\/v2\/media?parent=8878"}],"wp:term":[{"taxonomy":"product_brand","embeddable":true,"href":"https:\/\/sandeparis.com\/en\/wp-json\/wp\/v2\/product_brand?post=8878"},{"taxonomy":"product_cat","embeddable":true,"href":"https:\/\/sandeparis.com\/en\/wp-json\/wp\/v2\/product_cat?post=8878"},{"taxonomy":"product_tag","embeddable":true,"href":"https:\/\/sandeparis.com\/en\/wp-json\/wp\/v2\/product_tag?post=8878"}],"curies":[{"name":"wp","href":"https:\/\/api.w.org\/{rel}","templated":true}]}}